{"id":82,"date":"2020-06-03T20:55:10","date_gmt":"2020-06-03T17:55:10","guid":{"rendered":"http:\/\/demo.safirtema.com\/rota\/?page_id=82"},"modified":"2024-09-04T10:17:57","modified_gmt":"2024-09-04T07:17:57","slug":"hakkimizda","status":"publish","type":"page","link":"http:\/\/rsnchem.com\/de\/hakkimizda\/","title":{"rendered":"Hakk\u0131m\u0131zda"},"content":{"rendered":"\n<figure class=\"wp-block-image size-large is-style-default\"><img loading=\"lazy\" decoding=\"async\" width=\"1024\" height=\"576\" src=\"http:\/\/rsnchem.com\/wp-content\/uploads\/2024\/09\/hakkimizda-1024x576.png\" alt=\"\" class=\"wp-image-597\" srcset=\"http:\/\/rsnchem.com\/de\/wp-content\/uploads\/2024\/09\/hakkimizda-1024x576.png 1024w, http:\/\/rsnchem.com\/de\/wp-content\/uploads\/2024\/09\/hakkimizda-300x169.png 300w, http:\/\/rsnchem.com\/de\/wp-content\/uploads\/2024\/09\/hakkimizda-768x432.png 768w, http:\/\/rsnchem.com\/de\/wp-content\/uploads\/2024\/09\/hakkimizda-1536x864.png 1536w, http:\/\/rsnchem.com\/de\/wp-content\/uploads\/2024\/09\/hakkimizda.png 1600w\" sizes=\"(max-width: 1024px) 100vw, 1024px\" \/><\/figure>\n\n\n\n<hr class=\"wp-block-separator has-alpha-channel-opacity is-style-dots\"\/>\n\n\n\n<div class=\"wp-block-safirtema-mainheading mainHeading\"><div class=\"inner\"><div class=\"icon safiricon\"><svg class=\"safiricon-icon38\"><use href=\"#safiricon-icon38\"><\/use><\/svg><\/div><div class=\"text\">B\u0130Z K\u0130M\u0130Z ?<\/div><\/div><\/div>\n\n\n\n<p>Enerji sekt\u00f6r\u00fcn\u00fcn dinamik gereksinimlerine yan\u0131t vermek amac\u0131yla, yenilik\u00e7i \u00e7\u00f6z\u00fcmler sunan geni\u015f \u00fcr\u00fcn yelpazemizle hizmet sunmaktay\u0131z. Trafo aksesuarlar\u0131, izolasyon malzemeleri, iletkenler ve \u00f6zel kimyasallar gibi alanlarda sa\u011flad\u0131\u011f\u0131m\u0131z \u00fcr\u00fcnler, uluslararas\u0131 kalite standartlar\u0131n\u0131 a\u015fan nitelikleriyle g\u00fcvenilir ve uzun \u00f6m\u00fcrl\u00fc \u00e7\u00f6z\u00fcmler sunmaktad\u0131r.<\/p>\n\n\n\n<p>Her projeyi titizlikle ele alarak, ihtiya\u00e7lara uygun \u00e7\u00f6z\u00fcmler geli\u015ftirmekte ve yenilik\u00e7i yakla\u015f\u0131mlar\u0131m\u0131zla kar\u015f\u0131la\u015f\u0131lan zorluklar\u0131 a\u015fmay\u0131 hedeflemekteyiz. Deneyimli ekibimiz, en karma\u015f\u0131k projelerde dahi rehberlik etmekte, derin bilgi birikimimizle teknik sorunlara etkin \u00e7\u00f6z\u00fcmler \u00fcretmektedir. Geni\u015f tedarik a\u011f\u0131m\u0131z sayesinde, ihtiya\u00e7lar\u0131n\u0131z\u0131 zaman\u0131nda ve eksiksiz kar\u015f\u0131layarak projelerinizin kesintisiz ilerlemesini sa\u011flamaktay\u0131z.<\/p>\n\n\n\n<p>Bunun yan\u0131 s\u0131ra, s\u00fcrekli geli\u015fen teknolojileri yak\u0131ndan takip etmekte ve bu do\u011frultuda yenilik\u00e7i \u00fcr\u00fcnler geli\u015ftirmekteyiz. Enerji sekt\u00f6r\u00fcn\u00fcn gelece\u011fini, siz de\u011ferli m\u00fc\u015fterilerimizle birlikte in\u015fa etmekten onur duymaktay\u0131z. Sadece bir tedarik\u00e7i de\u011fil, g\u00fcvenilir bir i\u015f orta\u011f\u0131 olarak yan\u0131n\u0131zday\u0131z. Enerji dolu bir gelecek i\u00e7in bizimle tan\u0131\u015f\u0131n; zira ba\u015far\u0131n\u0131z i\u00e7in buraday\u0131z.<\/p>\n","protected":false},"excerpt":{"rendered":"<p>Enerji sekt\u00f6r\u00fcn\u00fcn dinamik gereksinimlerine yan\u0131t vermek amac\u0131yla, yenilik\u00e7i \u00e7\u00f6z\u00fcmler sunan geni\u015f \u00fcr\u00fcn yelpazemizle hizmet sunmaktay\u0131z. Trafo aksesuarlar\u0131, izolasyon malzemeleri, iletkenler ve \u00f6zel kimyasallar gibi alanlarda sa\u011flad\u0131\u011f\u0131m\u0131z \u00fcr\u00fcnler, uluslararas\u0131 kalite standartlar\u0131n\u0131 a\u015fan nitelikleriyle g\u00fcvenilir ve uzun \u00f6m\u00fcrl\u00fc \u00e7\u00f6z\u00fcmler sunmaktad\u0131r. Her projeyi titizlikle ele alarak, ihtiya\u00e7lara uygun \u00e7\u00f6z\u00fcmler geli\u015ftirmekte ve yenilik\u00e7i yakla\u015f\u0131mlar\u0131m\u0131zla kar\u015f\u0131la\u015f\u0131lan zorluklar\u0131 a\u015fmay\u0131 hedeflemekteyiz. Deneyimli [&hellip;]<\/p>\n","protected":false},"author":1,"featured_media":499,"parent":0,"menu_order":0,"comment_status":"closed","ping_status":"closed","template":"","meta":{"footnotes":""},"class_list":["post-82","page","type-page","status-publish","has-post-thumbnail","hentry"],"aioseo_notices":[],"_links":{"self":[{"href":"http:\/\/rsnchem.com\/de\/wp-json\/wp\/v2\/pages\/82"}],"collection":[{"href":"http:\/\/rsnchem.com\/de\/wp-json\/wp\/v2\/pages"}],"about":[{"href":"http:\/\/rsnchem.com\/de\/wp-json\/wp\/v2\/types\/page"}],"author":[{"embeddable":true,"href":"http:\/\/rsnchem.com\/de\/wp-json\/wp\/v2\/users\/1"}],"replies":[{"embeddable":true,"href":"http:\/\/rsnchem.com\/de\/wp-json\/wp\/v2\/comments?post=82"}],"version-history":[{"count":19,"href":"http:\/\/rsnchem.com\/de\/wp-json\/wp\/v2\/pages\/82\/revisions"}],"predecessor-version":[{"id":601,"href":"http:\/\/rsnchem.com\/de\/wp-json\/wp\/v2\/pages\/82\/revisions\/601"}],"wp:featuredmedia":[{"embeddable":true,"href":"http:\/\/rsnchem.com\/de\/wp-json\/wp\/v2\/media\/499"}],"wp:attachment":[{"href":"http:\/\/rsnchem.com\/de\/wp-json\/wp\/v2\/media?parent=82"}],"curies":[{"name":"wp","href":"https:\/\/api.w.org\/{rel}","templated":true}]}}