{"id":23,"date":"2020-06-03T13:20:43","date_gmt":"2020-06-03T10:20:43","guid":{"rendered":"http:\/\/demo.safirtema.com\/rota\/?page_id=23"},"modified":"2024-09-09T11:36:47","modified_gmt":"2024-09-09T08:36:47","slug":"cozum-ortaklari","status":"publish","type":"page","link":"http:\/\/rsnchem.com\/de\/cozum-ortaklari\/","title":{"rendered":"\u00c7\u00f6z\u00fcm Ortaklar\u0131"},"content":{"rendered":"\n<figure class=\"wp-block-gallery has-nested-images columns-default is-cropped wp-block-gallery-1 is-layout-flex wp-block-gallery-is-layout-flex\">\n<figure class=\"wp-block-image size-full is-style-default\"><img loading=\"lazy\" decoding=\"async\" width=\"519\" height=\"97\" data-id=\"348\" src=\"http:\/\/rsnchem.com\/wp-content\/uploads\/2024\/08\/images.png\" alt=\"\" class=\"wp-image-348\" srcset=\"http:\/\/rsnchem.com\/de\/wp-content\/uploads\/2024\/08\/images.png 519w, http:\/\/rsnchem.com\/de\/wp-content\/uploads\/2024\/08\/images-300x56.png 300w\" sizes=\"(max-width: 519px) 100vw, 519px\" \/><\/figure>\n\n\n\n<figure class=\"wp-block-image size-full\"><img loading=\"lazy\" decoding=\"async\" width=\"251\" height=\"110\" data-id=\"352\" src=\"http:\/\/rsnchem.com\/wp-content\/uploads\/2024\/08\/logo-deangeli-T_2CSC.png\" alt=\"\" class=\"wp-image-352\"\/><\/figure>\n\n\n\n<figure class=\"wp-block-image size-full\"><img loading=\"lazy\" decoding=\"async\" width=\"690\" height=\"257\" data-id=\"478\" src=\"http:\/\/rsnchem.com\/wp-content\/uploads\/2024\/08\/WhatsApp-Image-2024-08-26-at-11.31.46.jpeg\" alt=\"\" class=\"wp-image-478\" srcset=\"http:\/\/rsnchem.com\/de\/wp-content\/uploads\/2024\/08\/WhatsApp-Image-2024-08-26-at-11.31.46.jpeg 690w, http:\/\/rsnchem.com\/de\/wp-content\/uploads\/2024\/08\/WhatsApp-Image-2024-08-26-at-11.31.46-300x112.jpeg 300w\" sizes=\"(max-width: 690px) 100vw, 690px\" \/><\/figure>\n\n\n\n<figure class=\"wp-block-image size-full\"><img loading=\"lazy\" decoding=\"async\" width=\"400\" height=\"400\" data-id=\"356\" src=\"http:\/\/rsnchem.com\/wp-content\/uploads\/2024\/08\/iFksrS4z_400x400.jpg\" alt=\"\" class=\"wp-image-356\" srcset=\"http:\/\/rsnchem.com\/de\/wp-content\/uploads\/2024\/08\/iFksrS4z_400x400.jpg 400w, http:\/\/rsnchem.com\/de\/wp-content\/uploads\/2024\/08\/iFksrS4z_400x400-300x300.jpg 300w, http:\/\/rsnchem.com\/de\/wp-content\/uploads\/2024\/08\/iFksrS4z_400x400-150x150.jpg 150w\" sizes=\"(max-width: 400px) 100vw, 400px\" \/><\/figure>\n\n\n\n<figure class=\"wp-block-image size-full\"><img loading=\"lazy\" decoding=\"async\" width=\"900\" height=\"500\" data-id=\"358\" src=\"http:\/\/rsnchem.com\/wp-content\/uploads\/2024\/08\/amorim-cork-composites-logo-vector.png\" alt=\"\" class=\"wp-image-358\" srcset=\"http:\/\/rsnchem.com\/de\/wp-content\/uploads\/2024\/08\/amorim-cork-composites-logo-vector.png 900w, http:\/\/rsnchem.com\/de\/wp-content\/uploads\/2024\/08\/amorim-cork-composites-logo-vector-300x167.png 300w, http:\/\/rsnchem.com\/de\/wp-content\/uploads\/2024\/08\/amorim-cork-composites-logo-vector-768x427.png 768w\" sizes=\"(max-width: 900px) 100vw, 900px\" \/><\/figure>\n\n\n\n<figure class=\"wp-block-image size-full\"><img loading=\"lazy\" decoding=\"async\" width=\"225\" height=\"50\" data-id=\"480\" src=\"http:\/\/rsnchem.com\/wp-content\/uploads\/2024\/08\/WhatsApp-Image-2024-08-26-at-11.30.29.jpeg\" alt=\"\" class=\"wp-image-480\"\/><\/figure>\n\n\n\n<figure class=\"wp-block-image size-full\"><img loading=\"lazy\" decoding=\"async\" width=\"160\" height=\"60\" data-id=\"484\" src=\"http:\/\/rsnchem.com\/wp-content\/uploads\/2024\/08\/luveGroupLogo.png\" alt=\"\" class=\"wp-image-484\"\/><\/figure>\n\n\n\n<figure class=\"wp-block-image size-full\"><img loading=\"lazy\" decoding=\"async\" width=\"250\" height=\"88\" data-id=\"534\" src=\"http:\/\/rsnchem.com\/wp-content\/uploads\/2024\/09\/WhatsApp-Image-2024-09-03-at-13.43.17.jpeg\" alt=\"\" class=\"wp-image-534\"\/><\/figure>\n<\/figure>\n","protected":false},"excerpt":{"rendered":"","protected":false},"author":1,"featured_media":0,"parent":0,"menu_order":0,"comment_status":"closed","ping_status":"closed","template":"pages\/page-references.php","meta":{"footnotes":""},"class_list":["post-23","page","type-page","status-publish","hentry"],"aioseo_notices":[],"_links":{"self":[{"href":"http:\/\/rsnchem.com\/de\/wp-json\/wp\/v2\/pages\/23"}],"collection":[{"href":"http:\/\/rsnchem.com\/de\/wp-json\/wp\/v2\/pages"}],"about":[{"href":"http:\/\/rsnchem.com\/de\/wp-json\/wp\/v2\/types\/page"}],"author":[{"embeddable":true,"href":"http:\/\/rsnchem.com\/de\/wp-json\/wp\/v2\/users\/1"}],"replies":[{"embeddable":true,"href":"http:\/\/rsnchem.com\/de\/wp-json\/wp\/v2\/comments?post=23"}],"version-history":[{"count":15,"href":"http:\/\/rsnchem.com\/de\/wp-json\/wp\/v2\/pages\/23\/revisions"}],"predecessor-version":[{"id":536,"href":"http:\/\/rsnchem.com\/de\/wp-json\/wp\/v2\/pages\/23\/revisions\/536"}],"wp:attachment":[{"href":"http:\/\/rsnchem.com\/de\/wp-json\/wp\/v2\/media?parent=23"}],"curies":[{"name":"wp","href":"https:\/\/api.w.org\/{rel}","templated":true}]}}